{"id":1526,"date":"2021-06-28T12:28:09","date_gmt":"2021-06-28T10:28:09","guid":{"rendered":"https:\/\/www.srt-sports.com\/?page_id=1526"},"modified":"2021-09-02T10:38:35","modified_gmt":"2021-09-02T08:38:35","slug":"agb","status":"publish","type":"page","link":"https:\/\/www.srt-sports.com\/it\/agb\/","title":{"rendered":"AGB"},"content":{"rendered":"<h1>Condizioni generali di contratto<br \/>\ndella ditta Schretzmayer-Sport GmbH (agosto 2021)<\/h1>\n<p>Forniture, prestazioni e offerte della ditta Schretzmayer-Sport GmbH (di seguito chiamata venditore) si eseguono unicamente in conformit\u00e0 a queste condizioni generali di contratto. Hanno valore anche per ogni relazione negoziale futura, senza dover concordare ci\u00f2 espressamente in ogni rispettivo singolo contratto.<\/p>\n<p><b>Perfezionamento del contratto<\/b><br \/>\n1.Tutte le rappresentazioni dell\u2019assortimento del venditore, sia nel catalogo, nei prospetti oppure online, non costituiscono un\u2019offerta di vendita vincolante. Il venditore ha la scelta libera di accettare l\u2019offerta o meno.<br \/>\n2. Con la conferma dell\u2019ordine fatta per iscritto, si considera l\u2019ordine come accettato.<br \/>\n3. Richiedono conferma scritta anche gli accordi accessori, le variazioni e le aggiunte.<br \/>\n4. Il perfezionamento del contratto vale con riserva della fornitura propria effettuata correttamente e in tempo da parte dei fornitori del venditore. Tale riserva vale solo nel caso in cui il venditore ha stipulato con il rispettivo fornitore un negozio di copertura congruo. Il venditore pu\u00f2 recedere dal contratto in caso di merce ordinata non disponibile.<\/p>\n<p><b>Prezzi<\/b><br \/>\n1. I prezzi sono da calcolare pi\u00f9 IVA.<br \/>\n2. Se non \u00e8 pattuito altro, i prezzi si intendono dal deposito del venditore. I costi d\u2019imballaggio e trasporto sono esclusi.<br \/>\n3. I costi di spedizione si ricavano dal listino prezzo attuale del venditore.<\/p>\n<p><b>Pagamenti e scontistiche<\/b><br \/>\n1. Un pagamento fuori termine determina il debito degli interessi di cui al D.Lgs. n. 231\/2002. Gli interessi sono da pagare immediatamente.<br \/>\n2. L\u2019acquirente ha il diritto alla compensazione e a far valere un diritto di ritenzione solo se il controcredito, con il quale vuole compensare, non \u00e8 controverso o \u00e8 accertato giudizialmente.<br \/>\n3. Il venditore concede all\u2019acquirente secondo pattuizione preventiva scritta uno sconto di quantit\u00e0 sul valore netto della merce a condizioni che la quantit\u00e0 pattuita per il periodo stabilito sia rispettata dall\u2019acquirente come concordato.<br \/>\n4. Se l\u2019acquirente in contrasto con la convenzione secondo il nr. 3 non prende in consegna la quantit\u00e0 fissata o la prende in consegna con ritardo, il venditore pu\u00f2 addebitargli lo sconto concesso preventivamente. In tali casi il venditore concede per\u00f2 lo sconto di quantit\u00e0 minore se l\u2019acquirente soddisfa con il suo acquisto le condizioni per uno sconto di quantit\u00e0 minore, anche senza che ci\u00f2 sia stato pattuito. Lo sconto concesso per un pre-ordine non sar\u00e0 confermato completamente.<br \/>\n5. Nel caso di gravi contravvenzioni in merito all\u2019obbligo di cessione di una quantit\u00e0 fissata da parte dell\u2019acquirente, il venditore ha il diritto di addebitare all\u2019acquirente per ogni singolo prodotto non preso in consegna un risarcimento fissato di \u20ac 80,00, a patto che l\u2019acquirente non provi che al venditore non siano derivati danni dovuti al suo comportamento non conforme agli accordi stipulati.<br \/>\n6. Tutti gli accordi riguardanti i termini di pagamento e gli sconti, possono essere revocati dal venditore, se l\u2019acquirente ritarda il pagamento di una o pi\u00f9 fatture. In questo caso entrano in scadenza immediata tutte le fatture emesse nei confronti dell\u2019acquirente moroso.<br \/>\n7. Oltre al sopra elencato regolamento, sono applicate le condizioni di pagamento riportate sul listino prezzi in vigore.<\/p>\n<p><b>Tempi di consegna<\/b><br \/>\n1. Il venditore procede alla fornitura subito dopo l\u2019accettazione dell\u2019ordine. Se il venditore non pu\u00f2 fornire subito il materiale richiesto, dal deposito \u00e8 autorizzato a eseguire prestazioni parziali, senza costruirsi in mora per i pezzi non forniti.<\/p>\n<p><b>Spedizione e trapasso dei rischi<\/b><br \/>\n1. Il trapasso dei rischi all\u2019acquirente avviene appena la fornitura \u00e8 stata consegnata alla persona la quale esegue il trasporto o appena la merce abbia lasciato il deposito del venditore. Se la spedizione \u00e8 ritardata su richiesta dell\u2019acquirente o per ragioni addebitabili a lui, il passaggio dei rischi all\u2019acquirente si realizza con la comunicazione della disposizione a spedire.<br \/>\n2. Il venditore pu\u00f2 stabilire i modi di spedizione, tranne pattuizione diversa.<br \/>\n3. Il venditore \u00e8 autorizzato, ma non obbligato di lasciare assicurare la spedizione in nome e per fattura dell\u2019acquirente.<\/p>\n<p><b>Garanzia e responsabilit\u00e0 civile<\/b><br \/>\n1. La responsabilit\u00e0 civile per vizi del materiale \u00e8 di 12 mesi se non si tratta di vendita diretta al consumatore. Richiede che il vizio era presente nel momento del trapasso dei rischi. L\u2019acquirente deve denunciare immediatamente il vizio. La denuncia di vizi del materiale fatta al venditore deve essere fatta per iscritto. Vizi evidenti devono essere comunicati per iscritto al venditore entro una settimana della fornitura. Il materiale fornito viziato \u00e8 da mantenere inutilizzato fino all\u2019eventuale ispezione da parte del venditore a momento adeguato.<br \/>\n2. L\u2019infrazione dei doveri esposti esclude ogni diritto a garanzia. Inoltre, spetta all\u2019acquirente il dovere di esaminare la merce fornita immediatamente al momento della consegna per danni subiti dal trasporto e di verificare la completezza ed informare immediatamente il venditore di eventuali vizi del materiale o di perdite tramite denuncia allo speditore o assicurazione giurata e firmata da due testimoni assieme all\u2019acquirente.<br \/>\n3. In caso di denuncia dei vizi fondata il venditore esegue a sua scelta la riparazione o la sostituzione. Se non adempie tale obbligo entro un termine adeguato o se non \u00e8 stato in grado di adempiere o l\u2019adempimento \u00e8 troppo oneroso, l\u2019acquirente pu\u00f2 ridurre il prezzo o rescindere dal contratto. Preteste di risarcimento per i costi sostenuti o per i danni causati dai vizi e gli altri danni sussistono soltanto all\u2019interno delle regole sulla garanzia limitata.<br \/>\n4. Merce sostituita \u00e8 da rispedire su richiesta al venditore senza costi per l\u2019acquirente.<br \/>\n5. Riparazioni arbitrarie e trattamenti impropri comportano la perdita di tutti i diritti di garanzia. Solo per evitare danni proporzionalmente grandi o in caso di ritardo nella riparazione dei vizi da parte del venditore l\u2019acquirente ha previo accordo il diritto di effettuare riparazioni e chiedere un risarcimento adeguato dei costi.<br \/>\n6. Logoramento e usura comuni sono esclusi dalla garanzia.<br \/>\n7. Diritti di recesso secondo art. 131 D.Lgs. n. 206\/2005 sorgono se la richiesta da parte del consumatore era lecita e affermabile e sempre nel limite legale. Presuppongono inoltre il rispetto degli obblighi da parte dell\u2019avente diritto al regresso, in particolare l\u2019osservanza degli obblighi di ammonimento.<br \/>\n8. \u00c8 escluso il diritto al risarcimento del danno di ogni forma nei confronti del venditore, suo rappresentante legale e i suoi ausiliari di adempimento fuori dai casi previsti di seguito, se il danno non \u00e8 stato causato con dolo o colpa grave. Si risponde in caso di infrazione di obblighi cardinali con colpa leggera. La garanzia \u00e8 limitata per ogni cosa al danno tipicamente prevedibile. Come danno tipico prevedibile s\u2019intende al massimo il doppio del valore dell\u2019ordine sottostante alla richiesta di risarcimento del danno. Queste esclusioni e limitazioni della garanzia non vigono nei casi di offesa alla vita, al corpo o alla salute, nel caso di responsabilit\u00e0 civile per inadempimento delle garanzie di qualit\u00e0.<\/p>\n<p><b>Riserva di propriet\u00e0<\/b><br \/>\n1. Il venditore si riserva il diritto di propriet\u00e0 sulla merce affinch\u00e9 sia saldato ogni credito contro l\u2019acquirente derivante dal rapporto negoziale inclusa contratti futuri. Ci\u00f2 vale anche se singoli o tutti i crediti del venditore sono inclusi in una fattura corrente e il saldo \u00e8 stato fatto e riconosciuto.<br \/>\n2. L\u2019acquirente ha diritto di vendere la merce soggetto alla riserva di propriet\u00e0 solo se cede subito al venditore ogni credito verso l\u2019acquirente o verso terzi risultante della vendita. Se \u00e8 venduta merce soggetta alla riserva di propriet\u00e0 non elaborata o dopo essere elaborata assieme a oggetti di propriet\u00e0 esclusiva del venditore, l\u2019acquirente cede immediatamente al venditore l\u2019intero importo dei crediti nascenti dalla vendita. Se \u2013 dopo l\u2019elaborazione o unione \u2013 \u00e8 venduta dall\u2019acquirente merce soggetta a riserva di propriet\u00e0 assieme a merce di propriet\u00e0 del venditore, l\u2019acquirente cede immediatamente i crediti derivanti dalla rivendita nell\u2019importo del valore dalla merce soggetto a riserva di propriet\u00e0 con ogni diritto accessorio e con grado maggiore rispetto al resto. Il venditore accetta la cessione. L\u2019abilitazione del venditore di incassare egli stesso il credito rimane inalterata da ci\u00f2, ma il venditore si obbliga di non incassare il credito affinch\u00e9 l\u2019acquirente comunichi tutte le informazioni necessarie per l\u2019incasso, consegna la rispettiva documentazione e comunica la cessione al debitore.<br \/>\n3. In caso di accesso di terzi e\/o procedimenti esecutivi su merce di propriet\u00e0 del venditore, l\u2019acquirente \u00e8 obbligato a comunicare la propriet\u00e0 del venditore e a informare questo immediatamente.<br \/>\n4. In caso di comportamento dell\u2019acquirente contrastante con le clausole del contratto, in particolare in caso di mora, il venditore pu\u00f2 ritirare la merce di sua propriet\u00e0 o chiedere la cessione dei diritti di restituzione dell\u2019acquirente verso terzi.<br \/>\n5. Nel caso in cui il venditore per mora considerevole dell\u2019acquirente ritira la merce, il venditore accredita all\u2019acquirente il valore della merce detratto il forfait esposto qui di seguito per il lucro cessante e le spese del ritiro. Il forfait comporta 30 % in caso di merce nella confezione originale, altrimenti 40 % del valore netto della merce. Per merce accessoria vale in linea di principio un forfait di 40 %. Il venditore si riserva di provare altri danni e di chiedere risarcimento per questi. L\u2019acquirente ha il diritto di provare che la mora non ha causato nessun o poco danno.<br \/>\n6. Un\u2019eventuale elaborazione o lavorazione della merce soggetta alla riserva di propriet\u00e0 \u00e8 fatta dall\u2019acquirente al posto del venditore, senza che per il venditore nascono obblighi da ci\u00f2. In caso di specificazione, accessione, commistione in unione della merce soggetta alla riserva di propriet\u00e0 con merce non di propriet\u00e0 del venditore spetta al venditore la compropriet\u00e0 del materiale nuovo riguardo al valore della merce soggetto alla riserva di propriet\u00e0 rispetto all\u2019altra merce elaborata al momento della specificazione, dell\u2019accessione, della commistione o dell\u2019unione. Se l\u2019acquirente acquista la propriet\u00e0 esclusiva della cosa nuova, le parti concordano che l\u2019acquirente concede al venditore la compropriet\u00e0 alla cosa nuova in relazione del valore della merce soggetto alla riserva di propriet\u00e0 specificata, collegata, commissionata o unita e di conservarla a titolo gratuito per il venditore.<\/p>\n<p><b>Altre disposizioni<\/b><br \/>\nLa rivendita della merce fornita ad altri commercianti o venditori o tramite piattaforma di asta nell\u2019internet, in particolare e-bay, non \u00e8 ammessa. Il venditore si obbliga di consegnare all\u2019acquirente le istruzioni di manutenzione della merce, oggetto della compravendita, facendosi firmare la dichiarazione dell\u2019avvenuta consegna delle stesse.<\/p>\n<p><b>Luogo di adempimento, foro competente, diritto applicabile<\/b><br \/>\n1. Luogo di adempimento per le forniture del venditore e per i pagamenti dell\u2019acquirente \u00e8 la sede dell\u2019impresa del venditore.<br \/>\n2. Foro competente nelle relazioni negoziali con compratori imprenditori \u00e8 A-4810 Gmunden.<br \/>\n3. Nei rapporti negoziali con clienti esteri si applica la legge Austriaca.<\/p>\n<p><b>Clausola salvatoria<\/b><br \/>\nL\u2019efficacia delle restanti clausole e accordi rimane intatta se una delle clausole generali o una clausola facente parte di altri accordi, dovrebbe essere inefficace o non eseguibile o diventare ci\u00f2. In tal caso le parti sono obbligate di concordare al posto della clausola inefficace o non eseguibile una clausola efficace e eseguibile la quale deve essere il pi\u00f9 simile possibile alla clausola inefficace.<\/p>\n","protected":false},"excerpt":{"rendered":"<p>Condizioni generali di contratto della ditta Schretzmayer-Sport GmbH (agosto 2021) Forniture, prestazioni e offerte della ditta Schretzmayer-Sport GmbH (di seguito chiamata venditore) si eseguono unicamente in conformit\u00e0 a queste condizioni generali di contratto. Hanno valore anche per ogni relazione negoziale futura, senza dover concordare ci\u00f2 espressamente in ogni rispettivo singolo contratto. Perfezionamento del contratto 1.Tutte [&hellip;]<\/p>\n","protected":false},"author":4,"featured_media":0,"parent":0,"menu_order":0,"comment_status":"closed","ping_status":"closed","template":"","meta":{"_et_pb_use_builder":"","_et_pb_old_content":"<p>[et_pb_section admin_label=\"section\"]<br \/>[et_pb_row admin_label=\"row\"]<br \/>[et_pb_column type=\"4_4\"][et_pb_text admin_label=\"Text\"]Condizioni generali Schretzmayer Sport GmbH<\/p><p><strong>Download<\/strong><br \/><a href=\"https:\/\/www.srt-sports.com\/wp-content\/uploads\/Condizioni-generali_Schretzmayer-Sport-GmbH-Italien.pdf\" target=\"_blank\" rel=\"noopener\">Condizioni generali<\/a>[\/et_pb_text][\/et_pb_column]<br \/>[\/et_pb_row]<br \/>[\/et_pb_section]<\/p>","_et_gb_content_width":"","footnotes":""},"class_list":["post-1526","page","type-page","status-publish","hentry"],"_links":{"self":[{"href":"https:\/\/www.srt-sports.com\/it\/wp-json\/wp\/v2\/pages\/1526","targetHints":{"allow":["GET"]}}],"collection":[{"href":"https:\/\/www.srt-sports.com\/it\/wp-json\/wp\/v2\/pages"}],"about":[{"href":"https:\/\/www.srt-sports.com\/it\/wp-json\/wp\/v2\/types\/page"}],"author":[{"embeddable":true,"href":"https:\/\/www.srt-sports.com\/it\/wp-json\/wp\/v2\/users\/4"}],"replies":[{"embeddable":true,"href":"https:\/\/www.srt-sports.com\/it\/wp-json\/wp\/v2\/comments?post=1526"}],"version-history":[{"count":6,"href":"https:\/\/www.srt-sports.com\/it\/wp-json\/wp\/v2\/pages\/1526\/revisions"}],"predecessor-version":[{"id":1543,"href":"https:\/\/www.srt-sports.com\/it\/wp-json\/wp\/v2\/pages\/1526\/revisions\/1543"}],"wp:attachment":[{"href":"https:\/\/www.srt-sports.com\/it\/wp-json\/wp\/v2\/media?parent=1526"}],"curies":[{"name":"wp","href":"https:\/\/api.w.org\/{rel}","templated":true}]}}